{"id":1586,"date":"2021-08-31T10:10:16","date_gmt":"2021-08-31T08:10:16","guid":{"rendered":"https:\/\/katalog.tolmet.pl\/?page_id=1586"},"modified":"2021-12-08T18:24:26","modified_gmt":"2021-12-08T17:24:26","slug":"waly-podwojne","status":"publish","type":"page","link":"https:\/\/katalog.tolmet.pl\/?page_id=1586","title":{"rendered":"Wa\u0142y podw\u00f3jne"},"content":{"rendered":"\t\t<div data-elementor-type=\"wp-page\" data-elementor-id=\"1586\" class=\"elementor elementor-1586\">\n\t\t\t\t\t\t\t\t\t<section class=\"elementor-section elementor-top-section elementor-element elementor-element-4d4a601 elementor-section-boxed elementor-section-height-default elementor-section-height-default\" data-id=\"4d4a601\" data-element_type=\"section\">\n\t\t\t\t\t\t<div class=\"elementor-container elementor-column-gap-default\">\n\t\t\t\t\t<div class=\"elementor-column elementor-col-100 elementor-top-column elementor-element elementor-element-ea98a6f\" data-id=\"ea98a6f\" data-element_type=\"column\">\n\t\t\t<div class=\"elementor-widget-wrap elementor-element-populated\">\n\t\t\t\t\t\t\t\t<div class=\"elementor-element elementor-element-7882dbb elementor-widget elementor-widget-spacer\" data-id=\"7882dbb\" data-element_type=\"widget\" data-widget_type=\"spacer.default\">\n\t\t\t\t<div class=\"elementor-widget-container\">\n\t\t\t<style>\/*! elementor - v3.14.0 - 18-06-2023 *\/\n.elementor-column .elementor-spacer-inner{height:var(--spacer-size)}.e-con{--container-widget-width:100%}.e-con-inner>.elementor-widget-spacer,.e-con>.elementor-widget-spacer{width:var(--container-widget-width,var(--spacer-size));--align-self:var(--container-widget-align-self,initial);--flex-shrink:0}.e-con-inner>.elementor-widget-spacer>.elementor-widget-container,.e-con-inner>.elementor-widget-spacer>.elementor-widget-container>.elementor-spacer,.e-con>.elementor-widget-spacer>.elementor-widget-container,.e-con>.elementor-widget-spacer>.elementor-widget-container>.elementor-spacer{height:100%}.e-con-inner>.elementor-widget-spacer>.elementor-widget-container>.elementor-spacer>.elementor-spacer-inner,.e-con>.elementor-widget-spacer>.elementor-widget-container>.elementor-spacer>.elementor-spacer-inner{height:var(--container-widget-height,var(--spacer-size))}<\/style>\t\t<div class=\"elementor-spacer\">\n\t\t\t<div class=\"elementor-spacer-inner\"><\/div>\n\t\t<\/div>\n\t\t\t\t<\/div>\n\t\t\t\t<\/div>\n\t\t\t\t\t<\/div>\n\t\t<\/div>\n\t\t\t\t\t\t\t<\/div>\n\t\t<\/section>\n\t\t\t\t<section class=\"elementor-section elementor-top-section elementor-element elementor-element-19befe7 elementor-section-boxed elementor-section-height-default elementor-section-height-default\" data-id=\"19befe7\" data-element_type=\"section\">\n\t\t\t\t\t\t<div class=\"elementor-container elementor-column-gap-default\">\n\t\t\t\t\t<div class=\"elementor-column elementor-col-100 elementor-top-column elementor-element elementor-element-4b564c1\" data-id=\"4b564c1\" data-element_type=\"column\" data-settings=\"{&quot;background_background&quot;:&quot;classic&quot;}\">\n\t\t\t<div class=\"elementor-widget-wrap elementor-element-populated\">\n\t\t\t\t\t\t\t\t<div class=\"elementor-element elementor-element-a4ab75e elementor-widget elementor-widget-heading\" data-id=\"a4ab75e\" data-element_type=\"widget\" data-widget_type=\"heading.default\">\n\t\t\t\t<div class=\"elementor-widget-container\">\n\t\t\t<style>\/*! elementor - v3.14.0 - 18-06-2023 *\/\n.elementor-heading-title{padding:0;margin:0;line-height:1}.elementor-widget-heading .elementor-heading-title[class*=elementor-size-]>a{color:inherit;font-size:inherit;line-height:inherit}.elementor-widget-heading .elementor-heading-title.elementor-size-small{font-size:15px}.elementor-widget-heading .elementor-heading-title.elementor-size-medium{font-size:19px}.elementor-widget-heading .elementor-heading-title.elementor-size-large{font-size:29px}.elementor-widget-heading .elementor-heading-title.elementor-size-xl{font-size:39px}.elementor-widget-heading .elementor-heading-title.elementor-size-xxl{font-size:59px}<\/style><h1 class=\"elementor-heading-title elementor-size-default\">Wa\u0142y podw\u00f3jne<\/h1>\t\t<\/div>\n\t\t\t\t<\/div>\n\t\t\t\t\t<\/div>\n\t\t<\/div>\n\t\t\t\t\t\t\t<\/div>\n\t\t<\/section>\n\t\t\t\t<section class=\"elementor-section elementor-top-section elementor-element elementor-element-3781f7c elementor-section-full_width elementor-section-height-default elementor-section-height-default\" data-id=\"3781f7c\" data-element_type=\"section\">\n\t\t\t\t\t\t<div class=\"elementor-container elementor-column-gap-default\">\n\t\t\t\t\t<div class=\"elementor-column elementor-col-100 elementor-top-column elementor-element elementor-element-dcb3592\" data-id=\"dcb3592\" data-element_type=\"column\">\n\t\t\t<div class=\"elementor-widget-wrap elementor-element-populated\">\n\t\t\t\t\t\t\t\t<div class=\"elementor-element elementor-element-d156747 elementor-view-default elementor-widget elementor-widget-icon\" data-id=\"d156747\" data-element_type=\"widget\" data-widget_type=\"icon.default\">\n\t\t\t\t<div class=\"elementor-widget-container\">\n\t\t\t\t\t<div class=\"elementor-icon-wrapper\">\n\t\t\t<a class=\"elementor-icon\" href=\"https:\/\/katalog.tolmet.pl\/?page_id=787\">\n\t\t\t<i aria-hidden=\"true\" class=\"fas fa-arrow-alt-circle-left\"><\/i>\t\t\t<\/a>\n\t\t<\/div>\n\t\t\t\t<\/div>\n\t\t\t\t<\/div>\n\t\t\t\t\t<\/div>\n\t\t<\/div>\n\t\t\t\t\t\t\t<\/div>\n\t\t<\/section>\n\t\t\t\t<section class=\"elementor-section elementor-top-section elementor-element elementor-element-ac11dd1 elementor-section-content-top elementor-section-boxed elementor-section-height-default elementor-section-height-default\" data-id=\"ac11dd1\" data-element_type=\"section\">\n\t\t\t\t\t\t<div class=\"elementor-container elementor-column-gap-default\">\n\t\t\t\t\t<div class=\"elementor-column elementor-col-50 elementor-top-column elementor-element elementor-element-48cc401\" data-id=\"48cc401\" data-element_type=\"column\" data-settings=\"{&quot;background_background&quot;:&quot;classic&quot;}\">\n\t\t\t<div class=\"elementor-widget-wrap elementor-element-populated\">\n\t\t\t\t\t\t\t\t<div class=\"elementor-element elementor-element-1f490df elementor-widget elementor-widget-image\" data-id=\"1f490df\" data-element_type=\"widget\" data-widget_type=\"image.default\">\n\t\t\t\t<div class=\"elementor-widget-container\">\n\t\t\t<style>\/*! elementor - v3.14.0 - 18-06-2023 *\/\n.elementor-widget-image{text-align:center}.elementor-widget-image a{display:inline-block}.elementor-widget-image a img[src$=\".svg\"]{width:48px}.elementor-widget-image img{vertical-align:middle;display:inline-block}<\/style>\t\t\t\t\t\t\t\t\t<figure class=\"wp-caption\">\n\t\t\t\t\t\t\t\t\t\t<img loading=\"lazy\" decoding=\"async\" width=\"1024\" height=\"263\" src=\"https:\/\/katalog.tolmet.pl\/wp-content\/uploads\/2021\/08\/Wal-tandem-daszkowy-1-1024x263.webp\" class=\"elementor-animation-grow attachment-large size-large wp-image-1576\" alt=\"\" srcset=\"https:\/\/katalog.tolmet.pl\/wp-content\/uploads\/2021\/08\/Wal-tandem-daszkowy-1-1024x263.webp 1024w, https:\/\/katalog.tolmet.pl\/wp-content\/uploads\/2021\/08\/Wal-tandem-daszkowy-1-300x77.webp 300w, https:\/\/katalog.tolmet.pl\/wp-content\/uploads\/2021\/08\/Wal-tandem-daszkowy-1-768x197.webp 768w, https:\/\/katalog.tolmet.pl\/wp-content\/uploads\/2021\/08\/Wal-tandem-daszkowy-1.webp 1100w\" sizes=\"(max-width: 1024px) 100vw, 1024px\" \/>\t\t\t\t\t\t\t\t\t\t\t<figcaption class=\"widget-image-caption wp-caption-text\"><div id=\"title\">WA\u0141 TANDEM DASZKOWY<\/div><div id=\"subtitle\">\u00d8 500 - 360kg<br>\u00d8 500 z profila zamkmkni\u0119tego - 460kg<br>\u00d8 600 - 400kg<br>\u00d8 600 z profila zamkmkni\u0119tego - 500kg<\/div><\/figcaption>\n\t\t\t\t\t\t\t\t\t\t<\/figure>\n\t\t\t\t\t\t\t\t\t<\/div>\n\t\t\t\t<\/div>\n\t\t\t\t\t<\/div>\n\t\t<\/div>\n\t\t\t\t<div class=\"elementor-column elementor-col-50 elementor-top-column elementor-element elementor-element-dd9eb51\" data-id=\"dd9eb51\" data-element_type=\"column\">\n\t\t\t<div class=\"elementor-widget-wrap elementor-element-populated\">\n\t\t\t\t\t\t\t\t<div class=\"elementor-element elementor-element-657c914 elementor-widget elementor-widget-image\" data-id=\"657c914\" data-element_type=\"widget\" data-widget_type=\"image.default\">\n\t\t\t\t<div class=\"elementor-widget-container\">\n\t\t\t\t\t\t\t\t\t\t\t\t<figure class=\"wp-caption\">\n\t\t\t\t\t\t\t\t\t\t<img loading=\"lazy\" decoding=\"async\" width=\"1024\" height=\"274\" src=\"https:\/\/katalog.tolmet.pl\/wp-content\/uploads\/2021\/08\/Wal-tandem-struna-struna-1024x274.webp\" class=\"elementor-animation-grow attachment-large size-large wp-image-1578\" alt=\"\" srcset=\"https:\/\/katalog.tolmet.pl\/wp-content\/uploads\/2021\/08\/Wal-tandem-struna-struna-1024x274.webp 1024w, https:\/\/katalog.tolmet.pl\/wp-content\/uploads\/2021\/08\/Wal-tandem-struna-struna-300x80.webp 300w, https:\/\/katalog.tolmet.pl\/wp-content\/uploads\/2021\/08\/Wal-tandem-struna-struna-768x205.webp 768w, https:\/\/katalog.tolmet.pl\/wp-content\/uploads\/2021\/08\/Wal-tandem-struna-struna.webp 1100w\" sizes=\"(max-width: 1024px) 100vw, 1024px\" \/>\t\t\t\t\t\t\t\t\t\t\t<figcaption class=\"widget-image-caption wp-caption-text\"><div id=\"title\">WA\u0141 TANDEM STRUNOWY<\/div><div id=\"subtitle\">\u00d8 440 - 450kg <\/div><\/figcaption>\n\t\t\t\t\t\t\t\t\t\t<\/figure>\n\t\t\t\t\t\t\t\t\t<\/div>\n\t\t\t\t<\/div>\n\t\t\t\t\t<\/div>\n\t\t<\/div>\n\t\t\t\t\t\t\t<\/div>\n\t\t<\/section>\n\t\t\t\t<section class=\"elementor-section elementor-top-section elementor-element elementor-element-ae91eff elementor-section-content-space-around elementor-section-boxed elementor-section-height-default elementor-section-height-default\" data-id=\"ae91eff\" data-element_type=\"section\">\n\t\t\t\t\t\t<div class=\"elementor-container elementor-column-gap-default\">\n\t\t\t\t\t<div class=\"elementor-column elementor-col-50 elementor-top-column elementor-element elementor-element-05101d3\" data-id=\"05101d3\" data-element_type=\"column\" data-settings=\"{&quot;background_background&quot;:&quot;classic&quot;}\">\n\t\t\t<div class=\"elementor-widget-wrap elementor-element-populated\">\n\t\t\t\t\t\t\t\t<div class=\"elementor-element elementor-element-02a34d5 elementor-widget elementor-widget-image\" data-id=\"02a34d5\" data-element_type=\"widget\" data-widget_type=\"image.default\">\n\t\t\t\t<div class=\"elementor-widget-container\">\n\t\t\t\t\t\t\t\t\t\t\t\t<figure class=\"wp-caption\">\n\t\t\t\t\t\t\t\t\t\t<img loading=\"lazy\" decoding=\"async\" width=\"1024\" height=\"280\" src=\"https:\/\/katalog.tolmet.pl\/wp-content\/uploads\/2021\/08\/Wal-tandem-rura-struna-tyl-1024x280.webp\" class=\"elementor-animation-grow attachment-large size-large wp-image-1577\" alt=\"\" srcset=\"https:\/\/katalog.tolmet.pl\/wp-content\/uploads\/2021\/08\/Wal-tandem-rura-struna-tyl-1024x280.webp 1024w, https:\/\/katalog.tolmet.pl\/wp-content\/uploads\/2021\/08\/Wal-tandem-rura-struna-tyl-300x82.webp 300w, https:\/\/katalog.tolmet.pl\/wp-content\/uploads\/2021\/08\/Wal-tandem-rura-struna-tyl-768x210.webp 768w, https:\/\/katalog.tolmet.pl\/wp-content\/uploads\/2021\/08\/Wal-tandem-rura-struna-tyl.webp 1100w\" sizes=\"(max-width: 1024px) 100vw, 1024px\" \/>\t\t\t\t\t\t\t\t\t\t\t<figcaption class=\"widget-image-caption wp-caption-text\"><div id=\"title\">WA\u0141 TANDEM STRUNOWO-RUROWY<\/div><div id=\"subtitle\">struna \u00d8 440mm, rura \u00d8 510mm - 470kg<\/div><\/figcaption>\n\t\t\t\t\t\t\t\t\t\t<\/figure>\n\t\t\t\t\t\t\t\t\t<\/div>\n\t\t\t\t<\/div>\n\t\t\t\t\t<\/div>\n\t\t<\/div>\n\t\t\t\t<div class=\"elementor-column elementor-col-50 elementor-top-column elementor-element elementor-element-f4f13fe\" data-id=\"f4f13fe\" data-element_type=\"column\">\n\t\t\t<div class=\"elementor-widget-wrap elementor-element-populated\">\n\t\t\t\t\t\t\t\t<div class=\"elementor-element elementor-element-c411c06 elementor-widget elementor-widget-image\" data-id=\"c411c06\" data-element_type=\"widget\" data-widget_type=\"image.default\">\n\t\t\t\t<div class=\"elementor-widget-container\">\n\t\t\t\t\t\t\t\t\t\t\t\t<figure class=\"wp-caption\">\n\t\t\t\t\t\t\t\t\t\t<img loading=\"lazy\" decoding=\"async\" width=\"1024\" height=\"264\" src=\"https:\/\/katalog.tolmet.pl\/wp-content\/uploads\/2021\/12\/Wal-ceownikowy-tandem-1-1-1024x264.png\" class=\"elementor-animation-grow attachment-large size-large wp-image-3050\" alt=\"\" srcset=\"https:\/\/katalog.tolmet.pl\/wp-content\/uploads\/2021\/12\/Wal-ceownikowy-tandem-1-1-1024x264.png 1024w, https:\/\/katalog.tolmet.pl\/wp-content\/uploads\/2021\/12\/Wal-ceownikowy-tandem-1-1-300x77.png 300w, https:\/\/katalog.tolmet.pl\/wp-content\/uploads\/2021\/12\/Wal-ceownikowy-tandem-1-1-768x198.png 768w, https:\/\/katalog.tolmet.pl\/wp-content\/uploads\/2021\/12\/Wal-ceownikowy-tandem-1-1-1536x397.png 1536w, https:\/\/katalog.tolmet.pl\/wp-content\/uploads\/2021\/12\/Wal-ceownikowy-tandem-1-1.png 1839w\" sizes=\"(max-width: 1024px) 100vw, 1024px\" \/>\t\t\t\t\t\t\t\t\t\t\t<figcaption class=\"widget-image-caption wp-caption-text\"><div id=\"title\">WA\u0141 TANDEM CEOWNIKOWY<\/div><div id=\"subtitle\">\u00d8 520mm -500kg <\/div><\/figcaption>\n\t\t\t\t\t\t\t\t\t\t<\/figure>\n\t\t\t\t\t\t\t\t\t<\/div>\n\t\t\t\t<\/div>\n\t\t\t\t\t<\/div>\n\t\t<\/div>\n\t\t\t\t\t\t\t<\/div>\n\t\t<\/section>\n\t\t\t\t<section class=\"elementor-section elementor-top-section elementor-element elementor-element-7987ab9 elementor-section-content-top elementor-section-boxed elementor-section-height-default elementor-section-height-default\" data-id=\"7987ab9\" data-element_type=\"section\">\n\t\t\t\t\t\t<div class=\"elementor-container elementor-column-gap-default\">\n\t\t\t\t\t<div class=\"elementor-column elementor-col-50 elementor-top-column elementor-element elementor-element-c84f9d8\" data-id=\"c84f9d8\" data-element_type=\"column\" data-settings=\"{&quot;background_background&quot;:&quot;classic&quot;}\">\n\t\t\t<div class=\"elementor-widget-wrap elementor-element-populated\">\n\t\t\t\t\t\t\t\t<div class=\"elementor-element elementor-element-4bcdedf elementor-widget elementor-widget-image\" data-id=\"4bcdedf\" data-element_type=\"widget\" data-widget_type=\"image.default\">\n\t\t\t\t<div class=\"elementor-widget-container\">\n\t\t\t\t\t\t\t\t\t\t\t\t<figure class=\"wp-caption\">\n\t\t\t\t\t\t\t\t\t\t<img loading=\"lazy\" decoding=\"async\" width=\"1024\" height=\"299\" src=\"https:\/\/katalog.tolmet.pl\/wp-content\/uploads\/2021\/08\/Wal-tandem-teownikowy-tyl-katalog-1024x299.webp\" class=\"elementor-animation-grow attachment-large size-large wp-image-1579\" alt=\"\" srcset=\"https:\/\/katalog.tolmet.pl\/wp-content\/uploads\/2021\/08\/Wal-tandem-teownikowy-tyl-katalog-1024x299.webp 1024w, https:\/\/katalog.tolmet.pl\/wp-content\/uploads\/2021\/08\/Wal-tandem-teownikowy-tyl-katalog-300x88.webp 300w, https:\/\/katalog.tolmet.pl\/wp-content\/uploads\/2021\/08\/Wal-tandem-teownikowy-tyl-katalog-768x224.webp 768w, https:\/\/katalog.tolmet.pl\/wp-content\/uploads\/2021\/08\/Wal-tandem-teownikowy-tyl-katalog.webp 1100w\" sizes=\"(max-width: 1024px) 100vw, 1024px\" \/>\t\t\t\t\t\t\t\t\t\t\t<figcaption class=\"widget-image-caption wp-caption-text\"><div id=\"title\">WA\u0141 TANDEM TEOWNIKOWY<\/div><div id=\"subtitle\">\u00d8 600mm -470kg <\/div><\/figcaption>\n\t\t\t\t\t\t\t\t\t\t<\/figure>\n\t\t\t\t\t\t\t\t\t<\/div>\n\t\t\t\t<\/div>\n\t\t\t\t\t<\/div>\n\t\t<\/div>\n\t\t\t\t<div class=\"elementor-column elementor-col-50 elementor-top-column elementor-element elementor-element-bfcf9e7\" data-id=\"bfcf9e7\" data-element_type=\"column\">\n\t\t\t<div class=\"elementor-widget-wrap elementor-element-populated\">\n\t\t\t\t\t\t\t\t<div class=\"elementor-element elementor-element-fc3fbe1 elementor-widget elementor-widget-image\" data-id=\"fc3fbe1\" data-element_type=\"widget\" data-widget_type=\"image.default\">\n\t\t\t\t<div class=\"elementor-widget-container\">\n\t\t\t\t\t\t\t\t\t\t\t\t<figure class=\"wp-caption\">\n\t\t\t\t\t\t\t\t\t\t<img loading=\"lazy\" decoding=\"async\" width=\"1024\" height=\"311\" src=\"https:\/\/katalog.tolmet.pl\/wp-content\/uploads\/2021\/08\/Mulczer-tyl-1024x311.webp\" class=\"elementor-animation-grow attachment-large size-large wp-image-1557\" alt=\"\" srcset=\"https:\/\/katalog.tolmet.pl\/wp-content\/uploads\/2021\/08\/Mulczer-tyl-1024x311.webp 1024w, https:\/\/katalog.tolmet.pl\/wp-content\/uploads\/2021\/08\/Mulczer-tyl-300x91.webp 300w, https:\/\/katalog.tolmet.pl\/wp-content\/uploads\/2021\/08\/Mulczer-tyl-768x233.webp 768w, https:\/\/katalog.tolmet.pl\/wp-content\/uploads\/2021\/08\/Mulczer-tyl.webp 1100w\" sizes=\"(max-width: 1024px) 100vw, 1024px\" \/>\t\t\t\t\t\t\t\t\t\t\t<figcaption class=\"widget-image-caption wp-caption-text\"><div id=\"title\">WA\u0141 TANDEM MULCZUJ\u0104CY<\/div><div id=\"subtitle\">RURA \u00d8 140mm Z\u0104B 180mm<br>455kg<\/div><\/figcaption>\n\t\t\t\t\t\t\t\t\t\t<\/figure>\n\t\t\t\t\t\t\t\t\t<\/div>\n\t\t\t\t<\/div>\n\t\t\t\t\t<\/div>\n\t\t<\/div>\n\t\t\t\t\t\t\t<\/div>\n\t\t<\/section>\n\t\t\t\t<section class=\"elementor-section elementor-top-section elementor-element elementor-element-370c96e elementor-section-content-top elementor-section-boxed elementor-section-height-default elementor-section-height-default\" data-id=\"370c96e\" data-element_type=\"section\">\n\t\t\t\t\t\t<div class=\"elementor-container elementor-column-gap-default\">\n\t\t\t\t\t<div class=\"elementor-column elementor-col-50 elementor-top-column elementor-element elementor-element-95bb323\" data-id=\"95bb323\" data-element_type=\"column\" data-settings=\"{&quot;background_background&quot;:&quot;classic&quot;}\">\n\t\t\t<div class=\"elementor-widget-wrap elementor-element-populated\">\n\t\t\t\t\t\t\t\t<div class=\"elementor-element elementor-element-2de2d11 elementor-widget elementor-widget-image\" data-id=\"2de2d11\" data-element_type=\"widget\" data-widget_type=\"image.default\">\n\t\t\t\t<div class=\"elementor-widget-container\">\n\t\t\t\t\t\t\t\t\t\t\t\t<figure class=\"wp-caption\">\n\t\t\t\t\t\t\t\t\t\t<img loading=\"lazy\" decoding=\"async\" width=\"1024\" height=\"318\" src=\"https:\/\/katalog.tolmet.pl\/wp-content\/uploads\/2021\/08\/Mulczer-xxxllll-1024x318.webp\" class=\"elementor-animation-grow attachment-large size-large wp-image-1558\" alt=\"\" srcset=\"https:\/\/katalog.tolmet.pl\/wp-content\/uploads\/2021\/08\/Mulczer-xxxllll-1024x318.webp 1024w, https:\/\/katalog.tolmet.pl\/wp-content\/uploads\/2021\/08\/Mulczer-xxxllll-300x93.webp 300w, https:\/\/katalog.tolmet.pl\/wp-content\/uploads\/2021\/08\/Mulczer-xxxllll-768x239.webp 768w, https:\/\/katalog.tolmet.pl\/wp-content\/uploads\/2021\/08\/Mulczer-xxxllll.webp 1100w\" sizes=\"(max-width: 1024px) 100vw, 1024px\" \/>\t\t\t\t\t\t\t\t\t\t\t<figcaption class=\"widget-image-caption wp-caption-text\"><div id=\"title\">WA\u0141 TANDEM MULCZUJ\u0104CY<\/div><div id=\"subtitle\">RURA \u00d8 270mm Z\u0104B 115mm<br>450kg<\/div><\/figcaption>\n\t\t\t\t\t\t\t\t\t\t<\/figure>\n\t\t\t\t\t\t\t\t\t<\/div>\n\t\t\t\t<\/div>\n\t\t\t\t\t<\/div>\n\t\t<\/div>\n\t\t\t\t<div class=\"elementor-column elementor-col-50 elementor-top-column elementor-element elementor-element-adefe42\" data-id=\"adefe42\" data-element_type=\"column\">\n\t\t\t<div class=\"elementor-widget-wrap elementor-element-populated\">\n\t\t\t\t\t\t\t\t<div class=\"elementor-element elementor-element-8299700 elementor-widget elementor-widget-image\" data-id=\"8299700\" data-element_type=\"widget\" data-widget_type=\"image.default\">\n\t\t\t\t<div class=\"elementor-widget-container\">\n\t\t\t\t\t\t\t\t\t\t\t\t<figure class=\"wp-caption\">\n\t\t\t\t\t\t\t\t\t\t<img loading=\"lazy\" decoding=\"async\" width=\"1024\" height=\"360\" src=\"https:\/\/katalog.tolmet.pl\/wp-content\/uploads\/2021\/08\/Wal-rurowy-600-1024x360.webp\" class=\"elementor-animation-grow attachment-large size-large wp-image-1573\" alt=\"\" srcset=\"https:\/\/katalog.tolmet.pl\/wp-content\/uploads\/2021\/08\/Wal-rurowy-600-1024x360.webp 1024w, https:\/\/katalog.tolmet.pl\/wp-content\/uploads\/2021\/08\/Wal-rurowy-600-300x106.webp 300w, https:\/\/katalog.tolmet.pl\/wp-content\/uploads\/2021\/08\/Wal-rurowy-600-768x270.webp 768w, https:\/\/katalog.tolmet.pl\/wp-content\/uploads\/2021\/08\/Wal-rurowy-600.webp 1100w\" sizes=\"(max-width: 1024px) 100vw, 1024px\" \/>\t\t\t\t\t\t\t\t\t\t\t<figcaption class=\"widget-image-caption wp-caption-text\"><div id=\"title\">WA\u0141 TANDEM DYSKOWY<\/div><div id=\"subtitle\">\u00d8 600mm -730kg<\/div><\/figcaption>\n\t\t\t\t\t\t\t\t\t\t<\/figure>\n\t\t\t\t\t\t\t\t\t<\/div>\n\t\t\t\t<\/div>\n\t\t\t\t\t<\/div>\n\t\t<\/div>\n\t\t\t\t\t\t\t<\/div>\n\t\t<\/section>\n\t\t\t\t<section class=\"elementor-section elementor-top-section elementor-element elementor-element-1f506d8 elementor-section-content-space-around elementor-section-boxed elementor-section-height-default elementor-section-height-default\" data-id=\"1f506d8\" data-element_type=\"section\">\n\t\t\t\t\t\t<div class=\"elementor-container elementor-column-gap-default\">\n\t\t\t\t\t<div class=\"elementor-column elementor-col-50 elementor-top-column elementor-element elementor-element-f205956\" data-id=\"f205956\" data-element_type=\"column\" data-settings=\"{&quot;background_background&quot;:&quot;classic&quot;}\">\n\t\t\t<div class=\"elementor-widget-wrap elementor-element-populated\">\n\t\t\t\t\t\t\t\t<div class=\"elementor-element elementor-element-a0900a9 elementor-widget elementor-widget-image\" data-id=\"a0900a9\" data-element_type=\"widget\" data-widget_type=\"image.default\">\n\t\t\t\t<div class=\"elementor-widget-container\">\n\t\t\t\t\t\t\t\t\t\t\t\t<figure class=\"wp-caption\">\n\t\t\t\t\t\t\t\t\t\t<img loading=\"lazy\" decoding=\"async\" width=\"1024\" height=\"360\" src=\"https:\/\/katalog.tolmet.pl\/wp-content\/uploads\/2021\/08\/Wal-rurowy-600-1024x360.webp\" class=\"elementor-animation-grow attachment-large size-large wp-image-1573\" alt=\"\" srcset=\"https:\/\/katalog.tolmet.pl\/wp-content\/uploads\/2021\/08\/Wal-rurowy-600-1024x360.webp 1024w, https:\/\/katalog.tolmet.pl\/wp-content\/uploads\/2021\/08\/Wal-rurowy-600-300x106.webp 300w, https:\/\/katalog.tolmet.pl\/wp-content\/uploads\/2021\/08\/Wal-rurowy-600-768x270.webp 768w, https:\/\/katalog.tolmet.pl\/wp-content\/uploads\/2021\/08\/Wal-rurowy-600.webp 1100w\" sizes=\"(max-width: 1024px) 100vw, 1024px\" \/>\t\t\t\t\t\t\t\t\t\t\t<figcaption class=\"widget-image-caption wp-caption-text\"><div id=\"title\">WA\u0141 TANDEM PIER\u015aCIENIOWY<\/div><div id=\"subtitle\">\u00d8 500mm -320kg<\/div><\/figcaption>\n\t\t\t\t\t\t\t\t\t\t<\/figure>\n\t\t\t\t\t\t\t\t\t<\/div>\n\t\t\t\t<\/div>\n\t\t\t\t\t<\/div>\n\t\t<\/div>\n\t\t\t\t<div class=\"elementor-column elementor-col-50 elementor-top-column elementor-element elementor-element-6f55927\" data-id=\"6f55927\" data-element_type=\"column\">\n\t\t\t<div class=\"elementor-widget-wrap elementor-element-populated\">\n\t\t\t\t\t\t\t\t<div class=\"elementor-element elementor-element-40c36b1 elementor-widget elementor-widget-image\" data-id=\"40c36b1\" data-element_type=\"widget\" data-widget_type=\"image.default\">\n\t\t\t\t<div class=\"elementor-widget-container\">\n\t\t\t\t\t\t\t\t\t\t\t\t<figure class=\"wp-caption\">\n\t\t\t\t\t\t\t\t\t\t<img loading=\"lazy\" decoding=\"async\" width=\"1024\" height=\"360\" src=\"https:\/\/katalog.tolmet.pl\/wp-content\/uploads\/2021\/08\/Wal-rurowy-600-1024x360.webp\" class=\"elementor-animation-grow attachment-large size-large wp-image-1573\" alt=\"\" srcset=\"https:\/\/katalog.tolmet.pl\/wp-content\/uploads\/2021\/08\/Wal-rurowy-600-1024x360.webp 1024w, https:\/\/katalog.tolmet.pl\/wp-content\/uploads\/2021\/08\/Wal-rurowy-600-300x106.webp 300w, https:\/\/katalog.tolmet.pl\/wp-content\/uploads\/2021\/08\/Wal-rurowy-600-768x270.webp 768w, https:\/\/katalog.tolmet.pl\/wp-content\/uploads\/2021\/08\/Wal-rurowy-600.webp 1100w\" sizes=\"(max-width: 1024px) 100vw, 1024px\" \/>\t\t\t\t\t\t\t\t\t\t\t<figcaption class=\"widget-image-caption wp-caption-text\"><div id=\"title\">WA\u0141 TANDEM CROSSKILL<\/div><div id=\"subtitle\">\u00d8 380mm - 550kg<\/div><\/figcaption>\n\t\t\t\t\t\t\t\t\t\t<\/figure>\n\t\t\t\t\t\t\t\t\t<\/div>\n\t\t\t\t<\/div>\n\t\t\t\t\t<\/div>\n\t\t<\/div>\n\t\t\t\t\t\t\t<\/div>\n\t\t<\/section>\n\t\t\t\t\t\t\t<\/div>\n\t\t","protected":false},"excerpt":{"rendered":"<p>Wa\u0142y podw\u00f3jne WA\u0141 TANDEM DASZKOWY\u00d8 500 &#8211; 360kg\u00d8 500 z profila zamkmkni\u0119tego &#8211; 460kg\u00d8 600 &#8211; 400kg\u00d8 600 z profila zamkmkni\u0119tego &#8211; 500kg WA\u0141 TANDEM STRUNOWY\u00d8 440 &#8211; 450kg WA\u0141 TANDEM STRUNOWO-RUROWYstruna \u00d8 440mm, rura \u00d8 510mm &#8211; 470kg WA\u0141 TANDEM CEOWNIKOWY\u00d8 520mm -500kg WA\u0141 TANDEM TEOWNIKOWY\u00d8 600mm -470kg WA\u0141 TANDEM MULCZUJ\u0104CYRURA \u00d8 140mm Z\u0104B &hellip;<\/p>\n<p class=\"read-more\"> <a class=\"\" href=\"https:\/\/katalog.tolmet.pl\/?page_id=1586\"> <span class=\"screen-reader-text\">Wa\u0142y podw\u00f3jne<\/span> Read More &raquo;<\/a><\/p>\n","protected":false},"author":1,"featured_media":0,"parent":787,"menu_order":1,"comment_status":"closed","ping_status":"closed","template":"","meta":{"site-sidebar-layout":"no-sidebar","site-content-layout":"page-builder","ast-global-header-display":"","ast-main-header-display":"","ast-hfb-above-header-display":"","ast-hfb-below-header-display":"","ast-hfb-mobile-header-display":"","site-post-title":"disabled","ast-breadcrumbs-content":"","ast-featured-img":"disabled","footer-sml-layout":"","theme-transparent-header-meta":"default","adv-header-id-meta":"","stick-header-meta":"","header-above-stick-meta":"","header-main-stick-meta":"","header-below-stick-meta":"","footnotes":""},"_links":{"self":[{"href":"https:\/\/katalog.tolmet.pl\/index.php?rest_route=\/wp\/v2\/pages\/1586"}],"collection":[{"href":"https:\/\/katalog.tolmet.pl\/index.php?rest_route=\/wp\/v2\/pages"}],"about":[{"href":"https:\/\/katalog.tolmet.pl\/index.php?rest_route=\/wp\/v2\/types\/page"}],"author":[{"embeddable":true,"href":"https:\/\/katalog.tolmet.pl\/index.php?rest_route=\/wp\/v2\/users\/1"}],"replies":[{"embeddable":true,"href":"https:\/\/katalog.tolmet.pl\/index.php?rest_route=%2Fwp%2Fv2%2Fcomments&post=1586"}],"version-history":[{"count":13,"href":"https:\/\/katalog.tolmet.pl\/index.php?rest_route=\/wp\/v2\/pages\/1586\/revisions"}],"predecessor-version":[{"id":3057,"href":"https:\/\/katalog.tolmet.pl\/index.php?rest_route=\/wp\/v2\/pages\/1586\/revisions\/3057"}],"up":[{"embeddable":true,"href":"https:\/\/katalog.tolmet.pl\/index.php?rest_route=\/wp\/v2\/pages\/787"}],"wp:attachment":[{"href":"https:\/\/katalog.tolmet.pl\/index.php?rest_route=%2Fwp%2Fv2%2Fmedia&parent=1586"}],"curies":[{"name":"wp","href":"https:\/\/api.w.org\/{rel}","templated":true}]}}