{"id":2182,"date":"2021-09-15T16:56:43","date_gmt":"2021-09-15T14:56:43","guid":{"rendered":"https:\/\/katalog.tolmet.pl\/?page_id=2182"},"modified":"2021-09-15T16:58:06","modified_gmt":"2021-09-15T14:58:06","slug":"dealer-map","status":"publish","type":"page","link":"https:\/\/katalog.tolmet.pl\/?page_id=2182&lang=en","title":{"rendered":"Dealer map"},"content":{"rendered":"\t\t<div data-elementor-type=\"wp-page\" data-elementor-id=\"2182\" class=\"elementor elementor-2182\">\n\t\t\t\t\t\t\t\t\t<section class=\"elementor-section elementor-top-section elementor-element elementor-element-bddfda1 elementor-section-boxed elementor-section-height-default elementor-section-height-default\" data-id=\"bddfda1\" data-element_type=\"section\">\n\t\t\t\t\t\t<div class=\"elementor-container elementor-column-gap-default\">\n\t\t\t\t\t<div class=\"elementor-column elementor-col-100 elementor-top-column elementor-element elementor-element-17bcdda\" data-id=\"17bcdda\" data-element_type=\"column\">\n\t\t\t<div class=\"elementor-widget-wrap elementor-element-populated\">\n\t\t\t\t\t\t\t\t<div class=\"elementor-element elementor-element-a4097e1 elementor-widget elementor-widget-spacer\" data-id=\"a4097e1\" data-element_type=\"widget\" data-widget_type=\"spacer.default\">\n\t\t\t\t<div class=\"elementor-widget-container\">\n\t\t\t<style>\/*! elementor - v3.14.0 - 18-06-2023 *\/\n.elementor-column .elementor-spacer-inner{height:var(--spacer-size)}.e-con{--container-widget-width:100%}.e-con-inner>.elementor-widget-spacer,.e-con>.elementor-widget-spacer{width:var(--container-widget-width,var(--spacer-size));--align-self:var(--container-widget-align-self,initial);--flex-shrink:0}.e-con-inner>.elementor-widget-spacer>.elementor-widget-container,.e-con-inner>.elementor-widget-spacer>.elementor-widget-container>.elementor-spacer,.e-con>.elementor-widget-spacer>.elementor-widget-container,.e-con>.elementor-widget-spacer>.elementor-widget-container>.elementor-spacer{height:100%}.e-con-inner>.elementor-widget-spacer>.elementor-widget-container>.elementor-spacer>.elementor-spacer-inner,.e-con>.elementor-widget-spacer>.elementor-widget-container>.elementor-spacer>.elementor-spacer-inner{height:var(--container-widget-height,var(--spacer-size))}<\/style>\t\t<div class=\"elementor-spacer\">\n\t\t\t<div class=\"elementor-spacer-inner\"><\/div>\n\t\t<\/div>\n\t\t\t\t<\/div>\n\t\t\t\t<\/div>\n\t\t\t\t\t<\/div>\n\t\t<\/div>\n\t\t\t\t\t\t\t<\/div>\n\t\t<\/section>\n\t\t\t\t<section class=\"elementor-section elementor-top-section elementor-element elementor-element-7068cd0 elementor-section-boxed elementor-section-height-default elementor-section-height-default\" data-id=\"7068cd0\" data-element_type=\"section\">\n\t\t\t\t\t\t<div class=\"elementor-container elementor-column-gap-default\">\n\t\t\t\t\t<div class=\"elementor-column elementor-col-100 elementor-top-column elementor-element elementor-element-74801ea\" data-id=\"74801ea\" data-element_type=\"column\" data-settings=\"{&quot;background_background&quot;:&quot;classic&quot;}\">\n\t\t\t<div class=\"elementor-widget-wrap elementor-element-populated\">\n\t\t\t\t\t\t\t\t<div class=\"elementor-element elementor-element-40752a8 elementor-widget elementor-widget-heading\" data-id=\"40752a8\" data-element_type=\"widget\" data-widget_type=\"heading.default\">\n\t\t\t\t<div class=\"elementor-widget-container\">\n\t\t\t<style>\/*! elementor - v3.14.0 - 18-06-2023 *\/\n.elementor-heading-title{padding:0;margin:0;line-height:1}.elementor-widget-heading .elementor-heading-title[class*=elementor-size-]>a{color:inherit;font-size:inherit;line-height:inherit}.elementor-widget-heading .elementor-heading-title.elementor-size-small{font-size:15px}.elementor-widget-heading .elementor-heading-title.elementor-size-medium{font-size:19px}.elementor-widget-heading .elementor-heading-title.elementor-size-large{font-size:29px}.elementor-widget-heading .elementor-heading-title.elementor-size-xl{font-size:39px}.elementor-widget-heading .elementor-heading-title.elementor-size-xxl{font-size:59px}<\/style><h1 class=\"elementor-heading-title elementor-size-default\">Dealer map<\/h1>\t\t<\/div>\n\t\t\t\t<\/div>\n\t\t\t\t\t<\/div>\n\t\t<\/div>\n\t\t\t\t\t\t\t<\/div>\n\t\t<\/section>\n\t\t\t\t<section class=\"elementor-section elementor-top-section elementor-element elementor-element-09cf027 elementor-section-content-bottom elementor-section-boxed elementor-section-height-default elementor-section-height-default\" data-id=\"09cf027\" data-element_type=\"section\">\n\t\t\t\t\t\t<div class=\"elementor-container elementor-column-gap-default\">\n\t\t\t\t\t<div class=\"elementor-column elementor-col-100 elementor-top-column elementor-element elementor-element-cbd99b6\" data-id=\"cbd99b6\" data-element_type=\"column\" data-settings=\"{&quot;background_background&quot;:&quot;classic&quot;}\">\n\t\t\t<div class=\"elementor-widget-wrap elementor-element-populated\">\n\t\t\t\t\t\t\t\t<div class=\"elementor-element elementor-element-d859231 elementor-widget elementor-widget-text-editor\" data-id=\"d859231\" data-element_type=\"widget\" data-widget_type=\"text-editor.default\">\n\t\t\t\t<div class=\"elementor-widget-container\">\n\t\t\t<style>\/*! elementor - v3.14.0 - 18-06-2023 *\/\n.elementor-widget-text-editor.elementor-drop-cap-view-stacked .elementor-drop-cap{background-color:#69727d;color:#fff}.elementor-widget-text-editor.elementor-drop-cap-view-framed .elementor-drop-cap{color:#69727d;border:3px solid;background-color:transparent}.elementor-widget-text-editor:not(.elementor-drop-cap-view-default) .elementor-drop-cap{margin-top:8px}.elementor-widget-text-editor:not(.elementor-drop-cap-view-default) .elementor-drop-cap-letter{width:1em;height:1em}.elementor-widget-text-editor .elementor-drop-cap{float:left;text-align:center;line-height:1;font-size:50px}.elementor-widget-text-editor .elementor-drop-cap-letter{display:inline-block}<\/style>\t\t\t\t<div class=\"map_wrapper\" id=\"map_wrapper_65\">\n<div class=\"map_box\" style=\"max-width:2000px\">\n<div class=\"map_aspect_ratio\" style=\"padding-top:56%\" data-padding-top=\"56%\" data-padding-top-mobile=\"0%\">\n<div class=\"map_container\">\n<div class=\"map_render map_loading\" id=\"map_65\"><\/div>\n<\/div>\n<\/div>\n<\/div>\n<\/div>\t\t\t\t\t\t<\/div>\n\t\t\t\t<\/div>\n\t\t\t\t\t<\/div>\n\t\t<\/div>\n\t\t\t\t\t\t\t<\/div>\n\t\t<\/section>\n\t\t\t\t<section class=\"elementor-section elementor-top-section elementor-element elementor-element-ac75256 elementor-section-boxed elementor-section-height-default elementor-section-height-default\" data-id=\"ac75256\" data-element_type=\"section\">\n\t\t\t\t\t\t<div class=\"elementor-container elementor-column-gap-default\">\n\t\t\t\t\t<div class=\"elementor-column elementor-col-100 elementor-top-column elementor-element elementor-element-d2d32a3\" data-id=\"d2d32a3\" data-element_type=\"column\" data-settings=\"{&quot;background_background&quot;:&quot;classic&quot;}\">\n\t\t\t<div class=\"elementor-widget-wrap elementor-element-populated\">\n\t\t\t\t\t\t\t\t<div class=\"elementor-element elementor-element-66b5723 elementor-widget elementor-widget-heading\" data-id=\"66b5723\" data-element_type=\"widget\" data-widget_type=\"heading.default\">\n\t\t\t\t<div class=\"elementor-widget-container\">\n\t\t\t<h1 class=\"elementor-heading-title elementor-size-default\">Dealer list<\/h1>\t\t<\/div>\n\t\t\t\t<\/div>\n\t\t\t\t\t<\/div>\n\t\t<\/div>\n\t\t\t\t\t\t\t<\/div>\n\t\t<\/section>\n\t\t\t\t<section class=\"elementor-section elementor-top-section elementor-element elementor-element-6c29cf2 elementor-section-boxed elementor-section-height-default elementor-section-height-default\" data-id=\"6c29cf2\" data-element_type=\"section\">\n\t\t\t\t\t\t<div class=\"elementor-container elementor-column-gap-default\">\n\t\t\t\t\t<div class=\"elementor-column elementor-col-33 elementor-top-column elementor-element elementor-element-1e37c27\" data-id=\"1e37c27\" data-element_type=\"column\">\n\t\t\t<div class=\"elementor-widget-wrap elementor-element-populated\">\n\t\t\t\t\t\t\t\t<div class=\"elementor-element elementor-element-5854e0d elementor-widget elementor-widget-text-editor\" data-id=\"5854e0d\" data-element_type=\"widget\" data-widget_type=\"text-editor.default\">\n\t\t\t\t<div class=\"elementor-widget-container\">\n\t\t\t\t\t\t\t<div id=\"lista\">\n\n<b>1. <a href=\"https:\/\/www.google.com\/maps\/dir\/\/Helleny+6,+62-860+Opat%C3%B3wek\/@51.7366588,18.1928311,17z\/data=!4m8!4m7!1m0!1m5!1m1!1s0x471ac3925a76992d:0xbdf394472d47bd65!2m2!1d18.1950198!2d51.7366588\">Agromechanika<\/a><\/b><br>\nHelleny 6,<br>\n62-860 Opat\u00f3wek<br>\n<b>tel.<\/b> <a href=\"tel.601405543\">601-405-543<\/a><br><br>\n\n<b>2. <a href=\"https:\/\/www.google.com\/maps\/dir\/\/62-660+Domanin\/@52.0733321,18.8238989,352m\/data=!3m1!1e3!4m8!4m7!1m0!1m5!1m1!1s0x471b0fc4c948e393:0xa7f935719ea7489a!2m2!1d18.824574!2d52.0761551\">Agropol<\/a><\/b><br>\nDomanin 12,<br>\n62-660 D\u0105bie<br>\n<b>tel.<\/b> <a href=\"tel.507968086\">507-968-086<\/a><br><br>\n\n<b>3. <a href=\"https:\/\/www.google.com\/maps\/dir\/\/Rog%C3%B3%C5%BAno+130,+86-318+Rog%C3%B3%C5%BAno\/@53.6687362,16.9075156,695529m\/data=!3m1!1e3!4m16!1m7!3m6!1s0x4702cc701c9e7561:0x64ca9bce341c5f79!2zUm9nw7PFum5vIDEzMCwgODYtMzE4IFJvZ8Ozxbpubw!3b1!8m2!3d53.528843!4d18.9302495!4m7!1m0!1m5!1m1!1s0x4702cc701c9e7561:0x64ca9bce341c5f79!2m2!1d18.9302495!2d53.528843\">Agro-mil Plus<\/a><\/b><br>\nRog\u00f3\u017ano 130,<br>\n86-318 Rog\u00f3\u017ano<br>\n<b>tel.<\/b> <a href=\"tel.505420807\">505-420-807<\/a><br><br>\n\n<b>4. <a href=\"https:\/\/www.google.com\/maps\/dir\/\/Krakowska+105,+34-115+Rycz%C3%B3w\/@49.871611,19.2272958,94579m\/data=!3m1!1e3!4m8!4m7!1m0!1m5!1m1!1s0x47168b10d2522587:0x207b5cbfc7a239d8!2m2!1d19.58905!2d49.984261\">Agro-mix<\/a><\/b><br>\n\u0141\u0105czany, ul. Krakowska 105<br>\n34-115 Rycz\u00f3w<br>\n<b>tel.<\/b> <a href=\"tel.604510690\">604-510-690<\/a><br><br>\n\n<b>5. <a href=\"https:\/\/www.google.com\/maps\/dir\/\/Wola+R%C3%B3%C5%BCaniecka+233,+23-420+Wola+R%C3%B3%C5%BCaniecka\/@50.775909,21.7855018,371187m\/data=!3m1!1e3!4m8!4m7!1m0!1m5!1m1!1s0x473cb124a81f7ea1:0xb6c32aa49d4eb6c5!2m2!1d22.7450689!2d50.3246959\">Agrostal<\/a><\/b><br>\nWola R\u00f3\u017caniecka 233,<br>\n23-420 Wola R\u00f3\u017caniecka<br>\n<b>tel.<\/b> <a href=\"tel.604115652\">604-115-652<\/a><br><br>\n\n<b>6. <a href=\"https:\/\/www.google.com\/maps\/dir\/\/J%C3%B3zefa.Wybickiego+56,+83-404+Nowa+Karczma\/@54.1265914,18.13786,21498m\/data=!3m1!1e3!4m8!4m7!1m0!1m5!1m1!1s0x46fd80c7e174efc1:0x344adb6f3d95aca3!2m2!1d18.1982034!2d54.1303977\">Bulczak<\/a><\/b><br>\nul. J. Wybickiego 56,<br>\n83-404 Nowa Karczma<br>\n<b>tel.<\/b> <a href=\"tel.791500114\">791-500-114<\/a><br><br>\n\n<b>7. <a href=\"https:\/\/www.google.pl\/maps\/dir\/\/%C5%BB%C3%B3%C5%82kiew+41,+22-335+%C5%BB%C3%B3%C5%82kiew\/@50.8810743,22.8519344,362m\/data=!3m1!1e3!4m8!4m7!1m0!1m5!1m1!1s0x472311200861a925:0x581990c0786ef660!2m2!1d22.8520514!2d50.8815238\">Chol-masz<\/a><\/b><br>\n\u017b\u00f3\u0142kiew 41,<br>\n22-335 \u017b\u00f3\u0142kiew<br>\n<b>tel.<\/b> <a href=\"tel.724624660\">724-624-660<\/a><br><br>\n\n<b>8. <a href=\"https:\/\/www.google.pl\/maps\/dir\/\/Pe%C5%82kinie+308L,+37-500+Pe%C5%82kinie\/@50.0512515,22.6508469,736m\/data=!3m1!1e3!4m8!4m7!1m0!1m5!1m1!1s0x473c99ea8053aba9:0x44b1d329ae7fe527!2m2!1d22.6530356!2d50.0512515\">Czemrol<\/a><\/b><br>\nPe\u0142kinie 308L,<br>\n37-500 Jaros\u0142aw<br>\n<b>tel.<\/b> <a href=\"tel.600971818\">600-971-818<\/a><br><br>\n\n<b>9. <a href=\"https:\/\/www.google.pl\/maps\/dir\/\/J%C4%99czmienna+11,+88-180+Z%C5%82otniki+Kujawskie\/@52.908831,18.1392403,346m\/data=!3m1!1e3!4m8!4m7!1m0!1m5!1m1!1s0x4703439fcdc383d1:0x677f88b82d299001!2m2!1d18.1402764!2d52.9088797\">Metalowiec<\/a><\/b><br>\nul. J\u0119czmienna 11,<br>\n88-180 Z\u0142otniki Kujawskie<br>\n<b>tel.<\/b> <a href=\"tel.728873883\">728-873-883<\/a><br><br>\n\n<b>10. <a href=\"https:\/\/www.google.pl\/maps\/dir\/\/Kolejowa+6,+63-308+Giza%C5%82ki\/@52.0454005,17.7671977,705m\/data=!3m1!1e3!4m8!4m7!1m0!1m5!1m1!1s0x4704d7d9491ca247:0x54efe53330d1661a!2m2!1d17.7668536!2d52.0455309\">Harvester<\/a><\/b><br>\nul. Kolejowa 6,<br>\n63-308 Giza\u0142ki<br>\n<b>tel.<\/b> <a href=\"tel.662756446\">662-756-446<\/a><br><br>\n\n<b>11. <a href=\"https:\/\/www.google.pl\/maps\/dir\/\/MobiRol+s.c.,+T%C5%82ustomosty\/@50.1127427,18.0545762,20.96z\/data=!4m8!4m7!1m0!1m5!1m1!1s0x47116f76f559e169:0x3c6dc3286b294222!2m2!1d18.0547149!2d50.1127569\">Mobirol<\/a><\/b><br>\nT\u0142ustomosty 67a,<br>\n47-480 Pietrowice Wielkie<br>\n<b>tel.<\/b> <a href=\"tel.730800604\">730-800-604<\/a><br><br>\n\n<b>12. <a href=\"https:\/\/www.google.com\/maps\/dir\/\/AGRO-MR,+Prosz%C3%B3wka+75,+59-620+Prosz%C3%B3wka\/@50.989669,15.4197133,17z\/data=!4m8!4m7!1m0!1m5!1m1!1s0x470ed5fb7a3e1c5b:0x92693ac3dc291c30!2m2!1d15.4218796!2d50.9896045`\">Agro-mr<\/a><\/b><br>\nProsz\u00f3wka,<br>\n59-620 Gryf\u00f3w \u015al\u0105ski<br>\n<b>tel.<\/b> <a href=\"tel.577833144\">577-833-144<\/a><br><br>\n\n<\/div>\t\t\t\t\t\t<\/div>\n\t\t\t\t<\/div>\n\t\t\t\t\t<\/div>\n\t\t<\/div>\n\t\t\t\t<div class=\"elementor-column elementor-col-33 elementor-top-column elementor-element elementor-element-e9ae9d3\" data-id=\"e9ae9d3\" data-element_type=\"column\">\n\t\t\t<div class=\"elementor-widget-wrap elementor-element-populated\">\n\t\t\t\t\t\t\t\t<div class=\"elementor-element elementor-element-d4dfcbe elementor-widget elementor-widget-text-editor\" data-id=\"d4dfcbe\" data-element_type=\"widget\" data-widget_type=\"text-editor.default\">\n\t\t\t\t<div class=\"elementor-widget-container\">\n\t\t\t\t\t\t\t<div id=\"lista\">\n\n<b>13. <a href=\"https:\/\/www.google.com\/maps\/dir\/\/STANEK+MACHINERY,+Pos%C4%85dza+172,+32-104+Pos%C4%85dza\/@50.1771382,20.2488393,734m\/data=!3m1!1e3!4m8!4m7!1m0!1m5!1m1!1s0x47164bba1bbaf205:0xe56223eafd7f07c7!2m2!1d20.2497339!2d50.1772249\">Stanek Machinery<\/a><\/b><br>\nPos\u0105dza 172,<br>\n32-104 Koniusza<br>\n<b>tel.<\/b> <a href=\"tel.782663555\">782-663-555<\/a><br><br>\n\n<b>14. <a href=\"https:\/\/www.google.com\/maps\/dir\/\/Zdany+1D,+08-106+Zdany\/@52.0982658,22.4091744,88m\/data=!3m1!1e3!4m8!4m7!1m0!1m5!1m1!1s0x471f57fee5b13679:0xa01e90033e66454e!2m2!1d22.4099446!2d52.0981122\">Struk<\/a><\/b><br>\nZdany 1D<br>\n08-106 Zbuczyn<br>\n<b>tel.<\/b> <a href=\"tel.880757623\">880-757-623<\/a><br><br>\n\n<b>15. <a href=\"https:\/\/www.google.com\/maps\/dir\/\/F.H.U.+%22UFNAL%22+Przemys%C5%82aw+Ufnal,+Kolejowa+15a,+07-104+Stoczek\/@52.5520618,21.7515367,89229m\/data=!3m1!1e3!4m8!4m7!1m0!1m5!1m1!1s0x471f1ab876350311:0x796b394c6d93942!2m2!1d21.9016303!2d52.5469669\">Ufnal<\/a><\/b><br>\nKolejowa 15a,<br>\n07-104 Stoczek<br>\n<b>tel.<\/b> <a href=\"tel.506097479\">506-097-479<\/a><br><br>\n\n<b>16. <a href=\"https:\/\/www.google.com\/maps\/dir\/\/K%C4%85kol+Przodkowo,+Topolowa+12,+83-304+Przodkowo\/@54.3844713,18.2874411,334m\/data=!3m1!1e3!4m8!4m7!1m0!1m5!1m1!1s0x46fd997669411c71:0x595602076503327d!2m2!1d18.2892777!2d54.3840053\">K\u0105kol Przodkowo<\/a><\/b><br>\nul. Topolowa 12,<br>\n83-304 Przodkowo<br>\n<b>tel.<\/b> <a href=\"tel.535185675\">535-185-675<\/a><br><br>\n\n<b>17. <a href=\"https:\/\/www.google.com\/maps\/dir\/\/Agro-Biznes+sp.j.+Sularz-Rudnicki+-+%C5%9Arodki+Ochrony+Ro%C5%9Blin,+Nawozy,+My%C5%9Bliborska+56,+66-400+Gorz%C3%B3w+Wielkopolski\/@52.7397302,15.1919997,17z\/data=!4m8!4m7!1m0!1m5!1m1!1s0x47071f40211c2775:0x745c75df47af7bdc!2m2!1d15.1941743!2d52.7396794\">Agro-biznes<\/a><\/b><br>\nul. My\u015bliborska 56,<br>\n66-400 Gorz\u00f3w Wielkopolski<br>\n<b>tel.<\/b> <a href=\"tel.509113664\">509-113-664<\/a><br><br>\n\n<b>18. <a href=\"https:\/\/www.google.com\/maps\/dir\/\/Jelenin+14,+57-160+Jelenin\/@50.8601044,17.0425227,181m\/data=!3m1!1e3!4m8!4m7!1m0!1m5!1m1!1s0x470fd17b3ab24b8b:0x334028c5316583ea!2m2!1d17.042779!2d50.860065\">Anta\u0142<\/a><\/b><br>\nJelenin 14,<br>\n57-160 Bor\u00f3w<br>\n<b>tel.<\/b> <a href=\"tel.509023947\">509-023-947<\/a><br><br>\n\n<b>19. <a href=\"https:\/\/www.google.com\/maps\/dir\/\/Agropol24,+C%C5%82o+2B,+63-604+Baran%C3%B3w\/@51.2589316,18.0052233,17z\/data=!4m8!4m7!1m0!1m5!1m1!1s0x4710759f5e2fe079:0x19533c0b3699edc3!2m2!1d18.0074104!2d51.2589318\">Agropol Jarych<\/a><\/b><br>\nul. C\u0142o 2B,<br>\n63-604 Baran\u00f3w<br>\n<b>tel.<\/b> <a href=\"tel.605220407\">605-220-407<\/a><br><br>\n\n<b>20. <a href=\"https:\/\/www.google.com\/maps\/dir\/\/AGROSPEC+K%C5%81UDKA+Sp.+z+o.o.+%2F+AGROSPEC+K.J.+K%C5%82udka+Sp.j.,+Cz%C4%99stochowska+49,+42-151+Wale%C5%84cz%C3%B3w\/@50.9243932,18.8713478,17z\/data=!4m8!4m7!1m0!1m5!1m1!1s0x4710bc370396816b:0x17d6a8b9dac267b8!2m2!1d18.8735365!2d50.9243932\">Agrospec<\/a><\/b><br>\nul. Cz\u0119stochowska 49,<br>\n42-151 Wale\u0144cz\u00f3w<br>\n<b>tel.<\/b> <a href=\"tel.343187131\">34-318-71-31<\/a><br><br>\n\n<b>21. <a href=\"https:\/\/www.google.com\/maps\/place\/Sadowie+78,+42-446+Miko%C5%82ajewice\/@50.6206585,19.6447742,124m\/data=!3m1!1e3!4m5!3m4!1s0x471715eb06c68885:0x62e2a427282a2c9a!8m2!3d50.6207689!4d19.6453068\">Agromar<\/a><\/b><br>\nSadowie 78,<br>\n42-446 Miko\u0142ajewice<br>\n<b>tel.<\/b> <a href=\"tel.665595434\">665-595-434<\/a><br><br>\n\n<b>22. <a href=\"https:\/\/www.google.com\/maps\/dir\/\/Rol-Tech+Maszyny+Rolnicze+i+Le%C5%9Bne+Szarek+Bartosz,+T%C4%99gob%C3%B3rz+23,+42-445+T%C4%99gob%C3%B3rz\/@51.1255595,17.7128811,736810m\/data=!3m1!1e3!4m8!4m7!1m0!1m5!1m1!1s0x471713292cccbc43:0x6607027274aa7d6b!2m2!1d19.7819472!2d50.6457165\">Rol-Tech<\/a><\/b><br>\nT\u0119gob\u00f3rz 23,<br>\n42-445 T\u0119gob\u00f3rz<br>\n<b>tel.<\/b> <a href=\"tel.663549988\">663-549-988<\/a><br><br>\n\n<\/div>\n\n\t\t\t\t\t\t<\/div>\n\t\t\t\t<\/div>\n\t\t\t\t\t<\/div>\n\t\t<\/div>\n\t\t\t\t<div class=\"elementor-column elementor-col-33 elementor-top-column elementor-element elementor-element-7017b90\" data-id=\"7017b90\" data-element_type=\"column\">\n\t\t\t<div class=\"elementor-widget-wrap elementor-element-populated\">\n\t\t\t\t\t\t\t\t<div class=\"elementor-element elementor-element-4fe4ea2 elementor-widget elementor-widget-text-editor\" data-id=\"4fe4ea2\" data-element_type=\"widget\" data-widget_type=\"text-editor.default\">\n\t\t\t\t<div class=\"elementor-widget-container\">\n\t\t\t\t\t\t\t<div id=\"lista\">\n\n<b>23. <a href=\"https:\/\/www.google.com\/maps\/dir\/\/Pasik+Robert.+Handel+maszynami+rolniczyni,+32-075+Mak%C3%B3w;+298\/@50.3641157,19.8826649,15z\/data=!4m8!4m7!1m0!1m5!1m1!1s0x471700c3a8199343:0x59ebd52229f7e586!2m2!1d19.8826649!2d50.3641157\">Pasik Robert<\/a><\/b><br>\nMak\u00f3w 298,<br>\n32-075 Mak\u00f3w<br>\n<b>tel.<\/b> <a href=\"tel.500070330\">500-070-330<\/a><br><br>\n\n<b>24. <a href=\"https:\/\/www.google.com\/maps\/dir\/\/Wszach%C3%B3w+156,+27-552\/@50.7758113,21.177099,725m\/data=!3m1!1e3!4m8!4m7!1m0!1m5!1m1!1s0x47180218f082fbcd:0x7e6635f31c8f98ff!2m2!1d21.1792877!2d50.7758113\">Rolsad<\/a><\/b><br>\nWszach\u00f3w 156,<br>\n27-552 Ba\u0107kowice<br>\n<b>tel.<\/b> <a href=\"tel.663549988\">663-549-988<\/a><br><br>\n\n<b>25. <a href=\"https:\/\/www.google.com\/maps\/dir\/\/Narutowicza+14,+23-465+Turobin\/@50.8220284,22.7423651,181m\/data=!3m1!1e3!4m8!4m7!1m0!1m5!1m1!1s0x4723178c2257f685:0x60e3aa8194b0f2!2m2!1d22.742679!2d50.8220595\">Turmasz<\/a><\/b><br>\nNarutowicza 14,<br>\n23-465 Turobin<br>\n<b>tel.<\/b> <a href=\"tel.608319152\">608-319-152<\/a><br><br>\n\n<b>26. <a href=\"https:\/\/www.google.com\/maps\/dir\/\/Budk%C3%B3w+32,+26-330+Budk%C3%B3w\/@51.2748429,20.1526496,179m\/data=!3m1!1e3!4m8!4m7!1m0!1m5!1m1!1s0x4719c0666a11abf5:0x4e6c83c1ea69e7ae!2m2!1d20.1530521!2d51.2749598\">Agri-Eko<\/a><\/b><br>\nBudk\u00f3w 32,<br>\n26-330 \u017barn\u00f3w<br>\n<b>tel.<\/b> <a href=\"tel.500216719\">500-216-719<\/a><br><br>\n\n<b>27. <a href=\"https:\/\/www.google.com\/maps\/dir\/\/Agro+-+Motors+Sp.+z+oo,+59a,+95-011+Wyskoki\/@51.9428334,19.6755902,353m\/data=!3m1!1e3!4m8!4m7!1m0!1m5!1m1!1s0x471bc5cc45cd4a0d:0xe48a5b9f53638648!2m2!1d19.6764713!2d51.9429081\">Agro-Motors<\/a><\/b><br>\nWyskoki 59A,<br>\n95-011 Bratoszewice<br>\n<b>tel.<\/b> <a href=\"tel.730599833\">730-599-833<\/a><br><br>\n\n<b>28. <a href=\"https:\/\/www.google.com\/maps\/dir\/\/Studzieniec+19,+09-533+Studzieniec\/@52.3791525,19.8985857,350m\/data=!3m1!1e3!4m8!4m7!1m0!1m5!1m1!1s0x471bf5713d3ea463:0x8f11f962bfb20d26!2m2!1d19.8990962!2d52.3792504\">Arg-Rol<\/a><\/b><br>\nStudzieniec 19,<br>\n09-533 S\u0142ubice<br>\n<b>tel.<\/b> <a href=\"tel.668843366\">668-843-366<\/a><br><br>\n\n<b>29. <a href=\"https:\/\/www.google.com\/maps\/dir\/\/PHU+%22Rolnik%22+Piotr+Grajko,+%C5%BBwirki+i+Wigury+73,+17-100+Bielsk+Podlaski\/@52.7793904,23.1802897,347m\/data=!3m1!1e3!4m8!4m7!1m0!1m5!1m1!1s0x472023c17f55f369:0xf952306a22c48144!2m2!1d23.1814693!2d52.7793099\">PHU Rolnik<\/a><\/b><br>\nul. \u017bwirki i Wigury 73,<br>\n17-100 Bielsk Podlaski<br>\n<b>tel.<\/b> <a href=\"tel.509189561\">509-189-561<\/a><br><br>\n\n<b>30. <a href=\"https:\/\/www.google.com\/maps\/dir\/\/Korytki+6,+18-420+Korytki\/@53.279629,22.2620442,685m\/data=!3m1!1e3!4m8!4m7!1m0!1m5!1m1!1s0x471e2cb547ae0d9d:0x62db4c2687020c8a!2m2!1d22.2642329!2d53.279629\">Marpasz<\/a><\/b><br>\nKorytki 6,<br>\n18-420 Korytki<br>\n<b>tel.<\/b> <a href=\"tel.733713904\">733-713-904<\/a><br><br>\n\n<b>31. <a href=\"https:\/\/www.google.com\/maps\/dir\/\/Korbanek+Sp.+z+o.o.,+Pozna%C5%84ska+159,+62-080+Tarnowo+Podg%C3%B3rne\/@52.4587541,16.6444596,17z\/data=!4m8!4m7!1m0!1m5!1m1!1s0x470438c7f657f93f:0x962c95a78f71d455!2m2!1d16.6466538!2d52.4587466\">Sie\u0107 Korbanek CENTRALA<\/a><\/b><br>\nPozna\u0144ska 159,<br>\n62-080 Tarnowo Podg\u00f3rne<br>\n<b>tel.<\/b> <a href=\"tel.513600630\">513-600-630<\/a><br><br>\n\n<\/div>\n\n\t\t\t\t\t\t<\/div>\n\t\t\t\t<\/div>\n\t\t\t\t\t<\/div>\n\t\t<\/div>\n\t\t\t\t\t\t\t<\/div>\n\t\t<\/section>\n\t\t\t\t\t\t\t<\/div>\n\t\t","protected":false},"excerpt":{"rendered":"","protected":false},"author":1,"featured_media":0,"parent":0,"menu_order":0,"comment_status":"closed","ping_status":"closed","template":"","meta":{"site-sidebar-layout":"no-sidebar","site-content-layout":"page-builder","ast-global-header-display":"","ast-main-header-display":"","ast-hfb-above-header-display":"","ast-hfb-below-header-display":"","ast-hfb-mobile-header-display":"","site-post-title":"disabled","ast-breadcrumbs-content":"","ast-featured-img":"disabled","footer-sml-layout":"","theme-transparent-header-meta":"default","adv-header-id-meta":"","stick-header-meta":"","header-above-stick-meta":"","header-main-stick-meta":"","header-below-stick-meta":"","footnotes":""},"_links":{"self":[{"href":"https:\/\/katalog.tolmet.pl\/index.php?rest_route=\/wp\/v2\/pages\/2182"}],"collection":[{"href":"https:\/\/katalog.tolmet.pl\/index.php?rest_route=\/wp\/v2\/pages"}],"about":[{"href":"https:\/\/katalog.tolmet.pl\/index.php?rest_route=\/wp\/v2\/types\/page"}],"author":[{"embeddable":true,"href":"https:\/\/katalog.tolmet.pl\/index.php?rest_route=\/wp\/v2\/users\/1"}],"replies":[{"embeddable":true,"href":"https:\/\/katalog.tolmet.pl\/index.php?rest_route=%2Fwp%2Fv2%2Fcomments&post=2182"}],"version-history":[{"count":5,"href":"https:\/\/katalog.tolmet.pl\/index.php?rest_route=\/wp\/v2\/pages\/2182\/revisions"}],"predecessor-version":[{"id":2188,"href":"https:\/\/katalog.tolmet.pl\/index.php?rest_route=\/wp\/v2\/pages\/2182\/revisions\/2188"}],"wp:attachment":[{"href":"https:\/\/katalog.tolmet.pl\/index.php?rest_route=%2Fwp%2Fv2%2Fmedia&parent=2182"}],"curies":[{"name":"wp","href":"https:\/\/api.w.org\/{rel}","templated":true}]}}